{"id":3522,"date":"2026-02-06T18:32:14","date_gmt":"2026-02-06T18:32:14","guid":{"rendered":"https:\/\/victoria.gob.ar\/?page_id=3522"},"modified":"2026-02-06T23:37:37","modified_gmt":"2026-02-06T23:37:37","slug":"espectaculos-publicos-habilitados","status":"publish","type":"page","link":"https:\/\/victoria.gob.ar\/es\/espectaculos-publicos-habilitados\/","title":{"rendered":"ESPECT\u00c1CULOS P\u00daBLICOS HABILITADOS"},"content":{"rendered":"\n<p><\/p>\n\n\n\n<p><strong>Espect\u00e1culos p\u00fablicos habilitados desde el s\u00e1bado 7 de febrero hasta el domingo 8 de febrero:<\/strong><\/p>\n\n\n\n<ul class=\"wp-block-list\">\n<li>Fiesta electr\u00f3nica &#8220;Pura Vida&#8221; en Hotel Termas: S\u00e1bado 7 de febrero desde las 19:00 h hasta el domingo 8 de febrero a las 06:00 h<\/li>\n\n\n\n<li>Carnaval 2026 Edici\u00f3n &#8220;Guido Anghilante&#8221;: El s\u00e1bado 7 de febrero desde las 22:00 h .<\/li>\n<\/ul>\n\n\n\n<p>En este listado figuran \u00fanicamente los espect\u00e1culos p\u00fablicos habilitados en las fechas mencionadas.<\/p>\n\n\n\n<div class=\"wp-block-buttons is-content-justification-center is-layout-flex wp-container-core-buttons-is-layout-16018d1d wp-block-buttons-is-layout-flex\">\n<div class=\"wp-block-button\"><a class=\"wp-block-button__link has-text-align-center wp-element-button\" href=\"https:\/\/victoria.gob.ar\/normativas\/\">Normativas<\/a><\/div>\n<\/div>\n\n\n\n<p><\/p>\n","protected":false},"excerpt":{"rendered":"<p>Espect\u00e1culos p\u00fablicos habilitados desde el s\u00e1bado 7 de febrero hasta el domingo 8 de febrero: En este listado figuran \u00fanicamente los espect\u00e1culos p\u00fablicos habilitados en las fechas mencionadas.<\/p>\n","protected":false},"author":2,"featured_media":0,"parent":0,"menu_order":0,"comment_status":"closed","ping_status":"closed","template":"","meta":{"neve_meta_sidebar":"","neve_meta_container":"","neve_meta_enable_content_width":"","neve_meta_content_width":0,"neve_meta_title_alignment":"","neve_meta_author_avatar":"","neve_post_elements_order":"","neve_meta_disable_header":"","neve_meta_disable_footer":"","neve_meta_disable_title":"","footnotes":""},"class_list":["post-3522","page","type-page","status-publish","hentry"],"_links":{"self":[{"href":"https:\/\/victoria.gob.ar\/es\/wp-json\/wp\/v2\/pages\/3522","targetHints":{"allow":["GET"]}}],"collection":[{"href":"https:\/\/victoria.gob.ar\/es\/wp-json\/wp\/v2\/pages"}],"about":[{"href":"https:\/\/victoria.gob.ar\/es\/wp-json\/wp\/v2\/types\/page"}],"author":[{"embeddable":true,"href":"https:\/\/victoria.gob.ar\/es\/wp-json\/wp\/v2\/users\/2"}],"replies":[{"embeddable":true,"href":"https:\/\/victoria.gob.ar\/es\/wp-json\/wp\/v2\/comments?post=3522"}],"version-history":[{"count":7,"href":"https:\/\/victoria.gob.ar\/es\/wp-json\/wp\/v2\/pages\/3522\/revisions"}],"predecessor-version":[{"id":3556,"href":"https:\/\/victoria.gob.ar\/es\/wp-json\/wp\/v2\/pages\/3522\/revisions\/3556"}],"wp:attachment":[{"href":"https:\/\/victoria.gob.ar\/es\/wp-json\/wp\/v2\/media?parent=3522"}],"curies":[{"name":"wp","href":"https:\/\/api.w.org\/{rel}","templated":true}]}}