{"id":2814,"date":"2025-08-18T12:30:04","date_gmt":"2025-08-18T12:30:04","guid":{"rendered":"https:\/\/victoria.gob.ar\/?page_id=2814"},"modified":"2025-11-20T11:09:19","modified_gmt":"2025-11-20T11:09:19","slug":"transporte-urbano-municipal","status":"publish","type":"page","link":"https:\/\/victoria.gob.ar\/es\/transporte-urbano-municipal\/","title":{"rendered":"Transporte Urbano Municipal"},"content":{"rendered":"\n<h3 class=\"wp-block-heading\"><\/h3>\n\n\n\n<p><strong>La Municipalidad de Victoria informa que el servicio de la L\u00ednea Verde del Transporte Urbano Municipal (TUM) estar\u00e1 moment\u00e1neamente interrumpido, jueves 20 de noviembre, entre las 08:30 y las 09:30 horas, aproximadamente<\/strong>.<\/p>\n\n\n\n<p>Agradecemos la comprensi\u00f3n de los usuarios durante el proceso de reparaci\u00f3n y seguimos trabajando para brindar un mejor servicio a la comunidad.<\/p>\n\n\n\n<figure class=\"wp-block-image size-large\"><a href=\"https:\/\/victoria.gob.ar\/wp-content\/uploads\/2025\/10\/TUM-OCT-25-2.jpg\"><img loading=\"lazy\" decoding=\"async\" width=\"1024\" height=\"724\" src=\"https:\/\/victoria.gob.ar\/wp-content\/uploads\/2025\/10\/TUM-OCT-25-2-1024x724.jpg\" alt=\"\" class=\"wp-image-3246\" srcset=\"https:\/\/victoria.gob.ar\/wp-content\/uploads\/2025\/10\/TUM-OCT-25-2-1024x724.jpg 1024w, https:\/\/victoria.gob.ar\/wp-content\/uploads\/2025\/10\/TUM-OCT-25-2-300x212.jpg 300w, https:\/\/victoria.gob.ar\/wp-content\/uploads\/2025\/10\/TUM-OCT-25-2-768x543.jpg 768w, https:\/\/victoria.gob.ar\/wp-content\/uploads\/2025\/10\/TUM-OCT-25-2-1536x1087.jpg 1536w, https:\/\/victoria.gob.ar\/wp-content\/uploads\/2025\/10\/TUM-OCT-25-2-2048x1449.jpg 2048w, https:\/\/victoria.gob.ar\/wp-content\/uploads\/2025\/10\/TUM-OCT-25-2-18x12.jpg 18w\" sizes=\"auto, (max-width: 1024px) 100vw, 1024px\" \/><\/a><\/figure>\n\n\n\n<p class=\"has-text-align-center\">Descarga el Mapa completo en el siguiente enlace<\/p>\n\n\n\n<div class=\"wp-block-buttons is-content-justification-center is-layout-flex wp-container-core-buttons-is-layout-16018d1d wp-block-buttons-is-layout-flex\">\n<div class=\"wp-block-button\"><a class=\"wp-block-button__link wp-element-button\" href=\"https:\/\/victoria.gob.ar\/wp-content\/uploads\/2025\/10\/TUM-OCT-25-1.pdf\" target=\"_blank\" rel=\"noreferrer noopener\">descarga<\/a><\/div>\n<\/div>\n\n\n\n<p><\/p>\n","protected":false},"excerpt":{"rendered":"<p>La Municipalidad de Victoria informa que el servicio de la L\u00ednea Verde del Transporte Urbano Municipal (TUM) estar\u00e1 moment\u00e1neamente interrumpido, jueves 20 de noviembre, entre las 08:30 y las 09:30 horas, aproximadamente. Agradecemos la comprensi\u00f3n de los usuarios durante el proceso de reparaci\u00f3n y seguimos trabajando para brindar un mejor servicio a la comunidad. Descarga&hellip;&nbsp;<a href=\"https:\/\/victoria.gob.ar\/es\/transporte-urbano-municipal\/\" rel=\"bookmark\"><span class=\"screen-reader-text\">Transporte Urbano Municipal<\/span><\/a><\/p>\n","protected":false},"author":2,"featured_media":0,"parent":0,"menu_order":0,"comment_status":"closed","ping_status":"closed","template":"","meta":{"neve_meta_sidebar":"","neve_meta_container":"","neve_meta_enable_content_width":"","neve_meta_content_width":0,"neve_meta_title_alignment":"","neve_meta_author_avatar":"","neve_post_elements_order":"","neve_meta_disable_header":"","neve_meta_disable_footer":"","neve_meta_disable_title":"","footnotes":""},"class_list":["post-2814","page","type-page","status-publish","hentry"],"_links":{"self":[{"href":"https:\/\/victoria.gob.ar\/es\/wp-json\/wp\/v2\/pages\/2814","targetHints":{"allow":["GET"]}}],"collection":[{"href":"https:\/\/victoria.gob.ar\/es\/wp-json\/wp\/v2\/pages"}],"about":[{"href":"https:\/\/victoria.gob.ar\/es\/wp-json\/wp\/v2\/types\/page"}],"author":[{"embeddable":true,"href":"https:\/\/victoria.gob.ar\/es\/wp-json\/wp\/v2\/users\/2"}],"replies":[{"embeddable":true,"href":"https:\/\/victoria.gob.ar\/es\/wp-json\/wp\/v2\/comments?post=2814"}],"version-history":[{"count":19,"href":"https:\/\/victoria.gob.ar\/es\/wp-json\/wp\/v2\/pages\/2814\/revisions"}],"predecessor-version":[{"id":3310,"href":"https:\/\/victoria.gob.ar\/es\/wp-json\/wp\/v2\/pages\/2814\/revisions\/3310"}],"wp:attachment":[{"href":"https:\/\/victoria.gob.ar\/es\/wp-json\/wp\/v2\/media?parent=2814"}],"curies":[{"name":"wp","href":"https:\/\/api.w.org\/{rel}","templated":true}]}}